{"id":1811,"date":"2023-02-07T19:55:35","date_gmt":"2023-02-07T19:55:35","guid":{"rendered":"https:\/\/www.artrinaramky.cz\/?post_type=product&#038;p=1811"},"modified":"2023-12-01T08:11:17","modified_gmt":"2023-12-01T08:11:17","slug":"nasinec","status":"publish","type":"product","link":"https:\/\/www.artrinaramky.cz\/?product=nasinec","title":{"rendered":"Na\u0161inec"},"content":{"rendered":"<p>Minimalistick\u00fd n\u00e1ramek v&nbsp;n\u00e1rodn\u00edch barv\u00e1ch. P\u0159edch\u016fdce tohoto n\u00e1ramku vlastn\u00ed prezident \u010cR Petr Pavel, kter\u00e9mu ho od srdce vytvo\u0159ila Olivka v&nbsp;den voleb. Tento kousek z\u016fstane neprodejn\u00fd, ale na va\u0161e \u017e\u00e1dosti vyr\u00e1b\u00edme n\u00e1sledn\u00edky.<\/p>\n<p>N\u00e1ramky dod\u00e1v\u00e1me d\u00e1rkov\u011b zabalen\u00e9 na na\u0161\u00ed karti\u010dce a&nbsp;v&nbsp;s\u00e1\u010dku, m\u016f\u017eete si ale vybrat i&nbsp;jinou karti\u010dku \u2013 <a href=\"https:\/\/www.artrinaramky.cz\/?product_cat=baleni-s-venovanim\">Balen\u00ed s&nbsp;v\u011bnov\u00e1n\u00edm<\/a> (30&nbsp;K\u010d).<\/p>\n<p><em>Vyb\u00edrejte <span style=\"color: #e6007e;\"><strong>SRDCEM <\/strong><\/span><\/em><em>nezapome\u0148te i&nbsp;na <span style=\"color: #e6007e;\"><strong>smysl na\u0161eho projektu<\/strong><\/span>: na 4 prodan\u00e9 n\u00e1ramky vyrob\u00edme jeden n\u011bjak\u00e9 hol\u010di\u010dce \u010di&nbsp;klukovi s&nbsp;<span style=\"color: #e6007e;\"><strong>artritidou<\/strong><\/span>, a\u0165 maj\u00ed v&nbsp;t\u00e9 nemocnici radost i&nbsp;oni.<\/em><\/p>\n<p><em><strong>Jakou zvolit velikost?<br \/>\n<\/strong><\/em><em>Univers\u00e1ln\u00ed (nastaviteln\u00e9 \u2013 utahovac\u00ed \u0161\u0148\u016frky)<\/em><\/p>\n<p>&nbsp;<\/p>\n","protected":false},"excerpt":{"rendered":"<p>Minimalistick\u00fd n\u00e1ramek v&nbsp;n\u00e1rodn\u00edch barv\u00e1ch. Pro siln\u00e9 momenty v&nbsp;na\u0161ich srdc\u00edch \u2013 a\u0165 u\u017e fand\u00edme u&nbsp;sportu nebo u&nbsp;voleb. Do pozn\u00e1mky n\u00e1m p\u0159ipi\u0161te, jakou velikost n\u00e1ramku chcete vyrobit (d\u00edt\u011b\/\u017eena nebo mu\u017e).<\/p>\n","protected":false},"featured_media":1814,"comment_status":"open","ping_status":"closed","template":"","meta":{"_monsterinsights_skip_tracking":false,"_monsterinsights_sitenote_active":false,"_monsterinsights_sitenote_note":"","_monsterinsights_sitenote_category":0},"product_brand":[],"product_cat":[62,76,78,63],"product_tag":[],"class_list":{"0":"post-1811","1":"product","2":"type-product","3":"status-publish","4":"has-post-thumbnail","6":"product_cat-naramky-z-mineralu","7":"product_cat-panske-naramky","8":"product_cat-detske-naramky","9":"product_cat-naramky-ze-snurek","11":"first","12":"instock","13":"shipping-taxable","14":"purchasable","15":"product-type-simple"},"aioseo_notices":[],"jetpack_sharing_enabled":true,"_links":{"self":[{"href":"https:\/\/www.artrinaramky.cz\/index.php?rest_route=\/wp\/v2\/product\/1811","targetHints":{"allow":["GET"]}}],"collection":[{"href":"https:\/\/www.artrinaramky.cz\/index.php?rest_route=\/wp\/v2\/product"}],"about":[{"href":"https:\/\/www.artrinaramky.cz\/index.php?rest_route=\/wp\/v2\/types\/product"}],"replies":[{"embeddable":true,"href":"https:\/\/www.artrinaramky.cz\/index.php?rest_route=%2Fwp%2Fv2%2Fcomments&post=1811"}],"wp:featuredmedia":[{"embeddable":true,"href":"https:\/\/www.artrinaramky.cz\/index.php?rest_route=\/wp\/v2\/media\/1814"}],"wp:attachment":[{"href":"https:\/\/www.artrinaramky.cz\/index.php?rest_route=%2Fwp%2Fv2%2Fmedia&parent=1811"}],"wp:term":[{"taxonomy":"product_brand","embeddable":true,"href":"https:\/\/www.artrinaramky.cz\/index.php?rest_route=%2Fwp%2Fv2%2Fproduct_brand&post=1811"},{"taxonomy":"product_cat","embeddable":true,"href":"https:\/\/www.artrinaramky.cz\/index.php?rest_route=%2Fwp%2Fv2%2Fproduct_cat&post=1811"},{"taxonomy":"product_tag","embeddable":true,"href":"https:\/\/www.artrinaramky.cz\/index.php?rest_route=%2Fwp%2Fv2%2Fproduct_tag&post=1811"}],"curies":[{"name":"wp","href":"https:\/\/api.w.org\/{rel}","templated":true}]}}