{"id":1629,"date":"2022-11-18T15:36:22","date_gmt":"2022-11-18T15:36:22","guid":{"rendered":"https:\/\/www.artrinaramky.cz\/?post_type=product&#038;p=1629"},"modified":"2023-12-18T18:39:02","modified_gmt":"2023-12-18T18:39:02","slug":"howlit-s-hvezdickou","status":"publish","type":"product","link":"https:\/\/www.artrinaramky.cz\/?product=howlit-s-hvezdickou","title":{"rendered":"Howlit s&nbsp;hv\u011bzdi\u010dkou"},"content":{"rendered":"<p>B\u00edlo-\u0161ed\u00fd howlit spolu s&nbsp;hematitem a&nbsp;hv\u011bzdi\u010dkou z&nbsp;chirurgick\u00e9 oceli.\u00a0 Howlit p\u0159in\u00e1\u0161\u00ed hlubok\u00fd klid k&nbsp;uvoln\u011bn\u00ed a&nbsp;meditaci a&nbsp;pr\u00fd m\u00e1 schopnost nenechat se zas\u00e1hnout probl\u00e9my druh\u00fdch a&nbsp;p\u0159ekon\u00e1vat nervozitu.\u00a0 Velikost je 6 mm.<\/p>\n<p><em>V\u011b\u0159\u00edte na l\u00e9\u010divou s\u00edlu miner\u00e1ln\u00edch kamen\u016f? Na jejich energii \u010di&nbsp;vliv na znamen\u00ed?<\/em><br \/>\n<em>My tak\u00e9. Ale nejv\u00edce v\u011b\u0159\u00edme, \u017ee ka\u017ed\u00fd kor\u00e1lek si k&nbsp;n\u00e1m najde cestu v\u017edy, kdy\u017e to pot\u0159ebujeme. V&nbsp;zim\u011b n\u00e1s zah\u0159eje l\u00e1va, na ja\u0159e rozkveteme barvami ach\u00e1tu, v&nbsp;nejistot\u011b n\u00e1s zklidn\u00ed r\u016f\u017een\u00edn a&nbsp;k&nbsp;v\u00e1noc\u016fm n\u00e1m nejv\u011bt\u0161\u00ed radost ud\u011bl\u00e1 \u010derven\u00fd jadeit s&nbsp;and\u00edlkem. Tak se nenechte svazovat a&nbsp;vyb\u00edrejte <span style=\"color: #e6007e;\"><strong>SRDCEM<\/strong><\/span>.<\/em><br \/>\n<em>A t\u0159eba si vzpome\u0148te i&nbsp;na <span style=\"color: #e6007e;\"><strong>smysl na\u0161eho projektu<\/strong><\/span>: na 4 prodan\u00e9 n\u00e1ramky vyrob\u00edme jeden n\u011bjak\u00e9 hol\u010di\u010dce \u010di&nbsp;klukovi s&nbsp;<span style=\"color: #e6007e;\"><strong>artritidou<\/strong><\/span>, a\u0165 maj\u00ed v&nbsp;t\u00e9 nemocnici radost i&nbsp;oni.<\/em><\/p>\n<p><em><strong>Jakou zvolit velikost?<br \/>\n<\/strong>XS (13\u201314 cm) d\u011btsk\u00e1 ru\u010dka<\/em><br \/>\n<em>S (14\u201315 cm) na \u00fazk\u00e9 z\u00e1p\u011bst\u00ed \u010di&nbsp;ruku \u0161kola\u010dky<\/em><br \/>\n<em>M (16\u201317 cm) takov\u00e1 norm\u00e1ln\u00ed d\u00e1msk\u00e1 ru\u010dka<\/em><br \/>\n<em>L (18\u201319 cm) malinko \u0161ir\u0161\u00ed d\u00e1msk\u00e9 z\u00e1p\u011bst\u00ed \u010di&nbsp;b\u011b\u017en\u00e9 p\u00e1nsk\u00e9<\/em><br \/>\n<em>XL (20\u201321 cm) po\u0159\u00e1dn\u00e1 tlapa<\/em><br \/>\n<em>Univers\u00e1ln\u00ed (nastaviteln\u00e9 \u2013 utahovac\u00ed \u0161\u0148\u016frky)<\/em><\/p>\n<p><em><strong>Jak m\u011b\u0159it velikost?<\/strong><br \/>\nNejl\u00e9pe krej\u010dovsk\u00fdm metrem nebo prov\u00e1zkem, kter\u00fd n\u00e1sledn\u011b p\u0159ilo\u017e\u00edte k&nbsp;prav\u00edtku. M\u011b\u0159te pros\u00edm napevno, jen obvod m\u00edsta, kde budete n\u00e1ramek asi nosit. V\u016fle tam v\u017edy bude, n\u00e1ramek je elastick\u00fd, ale pokud m\u00e1te r\u00e1di velmi voln\u00fd a\u017e plandav\u00fd n\u00e1ramek, zvolte v\u011bt\u0161\u00ed velikost, nebo se ozv\u011bte pro radu.<\/em><br \/>\n<em>M\u00e1te p\u0159\u00e1n\u00ed na jinou velikost? P\u0159ipi\u0161te pros\u00edm do pozn\u00e1mky.<\/em><\/p>\n<p>&nbsp;<\/p>\n","protected":false},"excerpt":{"rendered":"<p>Howlit b\u00edl\u00fd\/magnezit pom\u016f\u017ee proti nervozit\u011b, nespavosti, uvol\u0148uje a&nbsp;harmonizuje. Je to symbol harmonie. A&nbsp;moc hezky vypad\u00e1 nejen o&nbsp;v\u00e1noc\u00edch.<\/p>\n","protected":false},"featured_media":1636,"comment_status":"open","ping_status":"closed","template":"","meta":{"_monsterinsights_skip_tracking":false,"_monsterinsights_sitenote_active":false,"_monsterinsights_sitenote_note":"","_monsterinsights_sitenote_category":0},"product_brand":[],"product_cat":[118],"product_tag":[],"class_list":{"0":"post-1629","1":"product","2":"type-product","3":"status-publish","4":"has-post-thumbnail","6":"product_cat-vanocni-naramky","8":"first","9":"instock","10":"shipping-taxable","11":"purchasable","12":"product-type-variable"},"aioseo_notices":[],"jetpack_sharing_enabled":true,"_links":{"self":[{"href":"https:\/\/www.artrinaramky.cz\/index.php?rest_route=\/wp\/v2\/product\/1629","targetHints":{"allow":["GET"]}}],"collection":[{"href":"https:\/\/www.artrinaramky.cz\/index.php?rest_route=\/wp\/v2\/product"}],"about":[{"href":"https:\/\/www.artrinaramky.cz\/index.php?rest_route=\/wp\/v2\/types\/product"}],"replies":[{"embeddable":true,"href":"https:\/\/www.artrinaramky.cz\/index.php?rest_route=%2Fwp%2Fv2%2Fcomments&post=1629"}],"wp:featuredmedia":[{"embeddable":true,"href":"https:\/\/www.artrinaramky.cz\/index.php?rest_route=\/wp\/v2\/media\/1636"}],"wp:attachment":[{"href":"https:\/\/www.artrinaramky.cz\/index.php?rest_route=%2Fwp%2Fv2%2Fmedia&parent=1629"}],"wp:term":[{"taxonomy":"product_brand","embeddable":true,"href":"https:\/\/www.artrinaramky.cz\/index.php?rest_route=%2Fwp%2Fv2%2Fproduct_brand&post=1629"},{"taxonomy":"product_cat","embeddable":true,"href":"https:\/\/www.artrinaramky.cz\/index.php?rest_route=%2Fwp%2Fv2%2Fproduct_cat&post=1629"},{"taxonomy":"product_tag","embeddable":true,"href":"https:\/\/www.artrinaramky.cz\/index.php?rest_route=%2Fwp%2Fv2%2Fproduct_tag&post=1629"}],"curies":[{"name":"wp","href":"https:\/\/api.w.org\/{rel}","templated":true}]}}