{"id":1554,"date":"2022-11-17T12:26:09","date_gmt":"2022-11-17T12:26:09","guid":{"rendered":"https:\/\/www.artrinaramky.cz\/?post_type=product&#038;p=1554"},"modified":"2024-12-13T18:11:24","modified_gmt":"2024-12-13T18:11:24","slug":"zlate-srdicko-z-hematitu","status":"publish","type":"product","link":"https:\/\/www.artrinaramky.cz\/?product=zlate-srdicko-z-hematitu","title":{"rendered":"Zlat\u00e9 srd\u00ed\u010dko z&nbsp;hematitu"},"content":{"rendered":"<p>Srd\u00ed\u010dko z&nbsp;hematitu navl\u00e9knut\u00e9 na polyesterov\u00e9 \u0161\u0148\u016frce, kter\u00e1 perfektn\u011b dr\u017e\u00ed barvu a&nbsp;nerozmot\u00e1v\u00e1 se. Velikost srd\u00ed\u010dka je 0,5 cm. Slu\u0161\u00ed d\u011btsk\u00e9 i&nbsp;dosp\u011bl\u00e9 ruce, kr\u00e1sn\u011b dopl\u0148uje n\u00e1ramky z&nbsp;miner\u00e1l\u016f.<\/p>\n<p>K dispozici ve 4 barv\u00e1ch, ale p\u0159ejete-li si jinou, kontaktujte n\u00e1s.<\/p>\n<p>N\u00e1ramky dod\u00e1v\u00e1me d\u00e1rkov\u011b zabalen\u00e9 na na\u0161\u00ed karti\u010dce a&nbsp;v&nbsp;s\u00e1\u010dku, m\u016f\u017eete si ale vybrat i&nbsp;jinou karti\u010dku \u2013 <a href=\"https:\/\/www.artrinaramky.cz\/?product_cat=baleni-s-venovanim\">Balen\u00ed s&nbsp;v\u011bnov\u00e1n\u00edm<\/a> (30&nbsp;K\u010d).<\/p>\n<p><em>Vyb\u00edrejte <span style=\"color: #e6007e;\"><strong>SRDCEM <\/strong><\/span><\/em><em>nezapome\u0148te i&nbsp;na <span style=\"color: #e6007e;\"><strong>smysl na\u0161eho projektu<\/strong><\/span>: na 4 prodan\u00e9 n\u00e1ramky vyrob\u00edme jeden n\u011bjak\u00e9 hol\u010di\u010dce \u010di&nbsp;klukovi s&nbsp;<span style=\"color: #e6007e;\"><strong>artritidou<\/strong><\/span>, a\u0165 maj\u00ed v&nbsp;t\u00e9 nemocnici radost i&nbsp;oni.<\/em><\/p>\n<p><em><strong>Jakou zvolit velikost?<br \/>\n<\/strong><\/em><em>Univers\u00e1ln\u00ed (nastaviteln\u00e9 \u2013 utahovac\u00ed \u0161\u0148\u016frky)<\/em><\/p>\n<p>&nbsp;<\/p>\n","protected":false},"excerpt":{"rendered":"<p>Mali\u010dkost na ruce, kter\u00e1 v\u00e1m bude denn\u011b p\u0159ipom\u00ednat toho, koho milujete.<\/p>\n","protected":false},"featured_media":1559,"comment_status":"open","ping_status":"closed","template":"","meta":{"_monsterinsights_skip_tracking":false,"_monsterinsights_sitenote_active":false,"_monsterinsights_sitenote_note":"","_monsterinsights_sitenote_category":0},"product_brand":[],"product_cat":[62,78,63,124],"product_tag":[],"class_list":{"0":"post-1554","1":"product","2":"type-product","3":"status-publish","4":"has-post-thumbnail","6":"product_cat-naramky-z-mineralu","7":"product_cat-detske-naramky","8":"product_cat-naramky-ze-snurek","9":"product_cat-valentynske-naramky","11":"first","12":"onbackorder","13":"shipping-taxable","14":"purchasable","15":"product-type-variable"},"aioseo_notices":[],"jetpack_sharing_enabled":true,"_links":{"self":[{"href":"https:\/\/www.artrinaramky.cz\/index.php?rest_route=\/wp\/v2\/product\/1554","targetHints":{"allow":["GET"]}}],"collection":[{"href":"https:\/\/www.artrinaramky.cz\/index.php?rest_route=\/wp\/v2\/product"}],"about":[{"href":"https:\/\/www.artrinaramky.cz\/index.php?rest_route=\/wp\/v2\/types\/product"}],"replies":[{"embeddable":true,"href":"https:\/\/www.artrinaramky.cz\/index.php?rest_route=%2Fwp%2Fv2%2Fcomments&post=1554"}],"wp:featuredmedia":[{"embeddable":true,"href":"https:\/\/www.artrinaramky.cz\/index.php?rest_route=\/wp\/v2\/media\/1559"}],"wp:attachment":[{"href":"https:\/\/www.artrinaramky.cz\/index.php?rest_route=%2Fwp%2Fv2%2Fmedia&parent=1554"}],"wp:term":[{"taxonomy":"product_brand","embeddable":true,"href":"https:\/\/www.artrinaramky.cz\/index.php?rest_route=%2Fwp%2Fv2%2Fproduct_brand&post=1554"},{"taxonomy":"product_cat","embeddable":true,"href":"https:\/\/www.artrinaramky.cz\/index.php?rest_route=%2Fwp%2Fv2%2Fproduct_cat&post=1554"},{"taxonomy":"product_tag","embeddable":true,"href":"https:\/\/www.artrinaramky.cz\/index.php?rest_route=%2Fwp%2Fv2%2Fproduct_tag&post=1554"}],"curies":[{"name":"wp","href":"https:\/\/api.w.org\/{rel}","templated":true}]}}