{"id":92,"date":"2014-05-31T13:06:21","date_gmt":"2014-05-31T13:06:21","guid":{"rendered":"http:\/\/demo.themegrill.com\/accelerate\/?page_id=92"},"modified":"2022-04-24T16:46:36","modified_gmt":"2022-04-24T16:46:36","slug":"sea-diving","status":"publish","type":"page","link":"https:\/\/www.artrinaramky.cz\/?page_id=92","title":{"rendered":"Katka"},"content":{"rendered":"\n<div class=\"wp-block-media-text alignwide is-stacked-on-mobile\" style=\"grid-template-columns:30% auto\"><figure class=\"wp-block-media-text__media\"><img loading=\"lazy\" decoding=\"async\" width=\"1024\" height=\"1024\" src=\"http:\/\/www.artrinaramky.cz\/wp-content\/uploads\/2022\/04\/Katka-1024x1024.jpg\" alt=\"\" class=\"wp-image-631 size-full\" srcset=\"https:\/\/www.artrinaramky.cz\/wp-content\/uploads\/2022\/04\/Katka-1024x1024.jpg 1024w, https:\/\/www.artrinaramky.cz\/wp-content\/uploads\/2022\/04\/Katka-300x300.jpg 300w, https:\/\/www.artrinaramky.cz\/wp-content\/uploads\/2022\/04\/Katka-150x150.jpg 150w, https:\/\/www.artrinaramky.cz\/wp-content\/uploads\/2022\/04\/Katka-768x768.jpg 768w, https:\/\/www.artrinaramky.cz\/wp-content\/uploads\/2022\/04\/Katka-230x230.jpg 230w, https:\/\/www.artrinaramky.cz\/wp-content\/uploads\/2022\/04\/Katka-365x365.jpg 365w, https:\/\/www.artrinaramky.cz\/wp-content\/uploads\/2022\/04\/Katka-600x600.jpg 600w, https:\/\/www.artrinaramky.cz\/wp-content\/uploads\/2022\/04\/Katka-100x100.jpg 100w, https:\/\/www.artrinaramky.cz\/wp-content\/uploads\/2022\/04\/Katka.jpg 1026w\" sizes=\"auto, (max-width: 1024px) 100vw, 1024px\" \/><\/figure><div class=\"wp-block-media-text__content\">\n<p class=\"has-large-font-size\">Ahoj,<\/p>\n\n\n\n<p>jsem lektorka pohybov\u00fdch lekc\u00ed pro d\u011bti i&nbsp;dosp\u011bl\u00e9, ale tvo\u0159en\u00ed n\u00e1ramk\u016f je moje velk\u00e1 z\u00e1liba. V&nbsp;noci nesp\u00edm a&nbsp;prom\u00fd\u0161l\u00edm n\u00e1pady, ve dne je pak realizuji. Star\u00e1m se o&nbsp;e-shop, prodej a&nbsp;marketing.<\/p>\n<\/div><\/div>\n","protected":false},"excerpt":{"rendered":"<p>Ahoj, jsem lektorka pohybov\u00fdch lekc\u00ed pro d\u011bti i&nbsp;dosp\u011bl\u00e9, ale tvo\u0159en\u00ed n\u00e1ramk\u016f je moje velk\u00e1 z\u00e1liba. V&nbsp;noci nesp\u00edm a&nbsp;prom\u00fd\u0161l\u00edm n\u00e1pady, ve dne je pak realizuji. Star\u00e1m se o&nbsp;e-shop, prodej a&nbsp;marketing.<\/p>\n","protected":false},"author":1,"featured_media":631,"parent":0,"menu_order":0,"comment_status":"closed","ping_status":"closed","template":"","meta":{"_monsterinsights_skip_tracking":false,"_monsterinsights_sitenote_active":false,"_monsterinsights_sitenote_note":"","_monsterinsights_sitenote_category":0,"footnotes":""},"class_list":["post-92","page","type-page","status-publish","has-post-thumbnail","hentry"],"aioseo_notices":[],"jetpack_sharing_enabled":true,"_links":{"self":[{"href":"https:\/\/www.artrinaramky.cz\/index.php?rest_route=\/wp\/v2\/pages\/92","targetHints":{"allow":["GET"]}}],"collection":[{"href":"https:\/\/www.artrinaramky.cz\/index.php?rest_route=\/wp\/v2\/pages"}],"about":[{"href":"https:\/\/www.artrinaramky.cz\/index.php?rest_route=\/wp\/v2\/types\/page"}],"author":[{"embeddable":true,"href":"https:\/\/www.artrinaramky.cz\/index.php?rest_route=\/wp\/v2\/users\/1"}],"replies":[{"embeddable":true,"href":"https:\/\/www.artrinaramky.cz\/index.php?rest_route=%2Fwp%2Fv2%2Fcomments&post=92"}],"version-history":[{"count":3,"href":"https:\/\/www.artrinaramky.cz\/index.php?rest_route=\/wp\/v2\/pages\/92\/revisions"}],"predecessor-version":[{"id":633,"href":"https:\/\/www.artrinaramky.cz\/index.php?rest_route=\/wp\/v2\/pages\/92\/revisions\/633"}],"wp:featuredmedia":[{"embeddable":true,"href":"https:\/\/www.artrinaramky.cz\/index.php?rest_route=\/wp\/v2\/media\/631"}],"wp:attachment":[{"href":"https:\/\/www.artrinaramky.cz\/index.php?rest_route=%2Fwp%2Fv2%2Fmedia&parent=92"}],"curies":[{"name":"wp","href":"https:\/\/api.w.org\/{rel}","templated":true}]}}