{"id":89,"date":"2014-05-31T13:03:38","date_gmt":"2014-05-31T13:03:38","guid":{"rendered":"http:\/\/demo.themegrill.com\/accelerate\/?page_id=89"},"modified":"2024-07-15T06:05:14","modified_gmt":"2024-07-15T06:05:14","slug":"jumping-girl","status":"publish","type":"page","link":"https:\/\/www.artrinaramky.cz\/?page_id=89","title":{"rendered":"Ag\u00e1ta"},"content":{"rendered":"\n<div class=\"wp-block-media-text alignwide is-stacked-on-mobile\" style=\"grid-template-columns:30% auto\"><figure class=\"wp-block-media-text__media\"><img loading=\"lazy\" decoding=\"async\" width=\"960\" height=\"960\" src=\"http:\/\/www.artrinaramky.cz\/wp-content\/uploads\/2022\/04\/Agi.jpg\" alt=\"\" class=\"wp-image-595 size-full\" srcset=\"https:\/\/www.artrinaramky.cz\/wp-content\/uploads\/2022\/04\/Agi.jpg 960w, https:\/\/www.artrinaramky.cz\/wp-content\/uploads\/2022\/04\/Agi-300x300.jpg 300w, https:\/\/www.artrinaramky.cz\/wp-content\/uploads\/2022\/04\/Agi-150x150.jpg 150w, https:\/\/www.artrinaramky.cz\/wp-content\/uploads\/2022\/04\/Agi-768x768.jpg 768w, https:\/\/www.artrinaramky.cz\/wp-content\/uploads\/2022\/04\/Agi-230x230.jpg 230w, https:\/\/www.artrinaramky.cz\/wp-content\/uploads\/2022\/04\/Agi-365x365.jpg 365w, https:\/\/www.artrinaramky.cz\/wp-content\/uploads\/2022\/04\/Agi-600x600.jpg 600w, https:\/\/www.artrinaramky.cz\/wp-content\/uploads\/2022\/04\/Agi-100x100.jpg 100w\" sizes=\"auto, (max-width: 960px) 100vw, 960px\" \/><\/figure><div class=\"wp-block-media-text__content\">\n<p class=\"has-large-font-size\">Nazd\u00e1rek,<\/p>\n\n\n\n<p>jsem spr\u00e1vn\u011b pra\u0161t\u011bn\u00e1 osmn\u00e1ctka miluj\u00edc\u00ed v\u0161e kolem um\u011bn\u00ed. Jsem specialistka na Instagram, navrhuji design n\u00e1ramk\u016f a&nbsp;pak je tvo\u0159\u00edm.<\/p>\n<\/div><\/div>\n","protected":false},"excerpt":{"rendered":"<p>Nazd\u00e1rek, jsem spr\u00e1vn\u011b pra\u0161t\u011bn\u00e1 osmn\u00e1ctka miluj\u00edc\u00ed v\u0161e kolem um\u011bn\u00ed. Jsem specialistka na Instagram, navrhuji design n\u00e1ramk\u016f a&nbsp;pak je tvo\u0159\u00edm.<\/p>\n","protected":false},"author":1,"featured_media":595,"parent":0,"menu_order":0,"comment_status":"closed","ping_status":"closed","template":"","meta":{"_monsterinsights_skip_tracking":false,"_monsterinsights_sitenote_active":false,"_monsterinsights_sitenote_note":"","_monsterinsights_sitenote_category":0,"footnotes":""},"class_list":["post-89","page","type-page","status-publish","has-post-thumbnail","hentry"],"aioseo_notices":[],"jetpack_sharing_enabled":true,"_links":{"self":[{"href":"https:\/\/www.artrinaramky.cz\/index.php?rest_route=\/wp\/v2\/pages\/89","targetHints":{"allow":["GET"]}}],"collection":[{"href":"https:\/\/www.artrinaramky.cz\/index.php?rest_route=\/wp\/v2\/pages"}],"about":[{"href":"https:\/\/www.artrinaramky.cz\/index.php?rest_route=\/wp\/v2\/types\/page"}],"author":[{"embeddable":true,"href":"https:\/\/www.artrinaramky.cz\/index.php?rest_route=\/wp\/v2\/users\/1"}],"replies":[{"embeddable":true,"href":"https:\/\/www.artrinaramky.cz\/index.php?rest_route=%2Fwp%2Fv2%2Fcomments&post=89"}],"version-history":[{"count":5,"href":"https:\/\/www.artrinaramky.cz\/index.php?rest_route=\/wp\/v2\/pages\/89\/revisions"}],"predecessor-version":[{"id":1917,"href":"https:\/\/www.artrinaramky.cz\/index.php?rest_route=\/wp\/v2\/pages\/89\/revisions\/1917"}],"wp:featuredmedia":[{"embeddable":true,"href":"https:\/\/www.artrinaramky.cz\/index.php?rest_route=\/wp\/v2\/media\/595"}],"wp:attachment":[{"href":"https:\/\/www.artrinaramky.cz\/index.php?rest_route=%2Fwp%2Fv2%2Fmedia&parent=89"}],"curies":[{"name":"wp","href":"https:\/\/api.w.org\/{rel}","templated":true}]}}