{"id":697,"date":"2022-05-10T13:08:30","date_gmt":"2022-05-10T13:08:30","guid":{"rendered":"https:\/\/www.artrinaramky.cz\/?page_id=697"},"modified":"2022-05-10T13:08:32","modified_gmt":"2022-05-10T13:08:32","slug":"cookies","status":"publish","type":"page","link":"https:\/\/www.artrinaramky.cz\/?page_id=697","title":{"rendered":"Cookies"},"content":{"rendered":"\n<h3 class=\"wp-block-heading\">Prohl\u00e1\u0161en\u00ed o&nbsp;pou\u017eit\u00ed cookies<\/h3>\n\n\n\n<p>Tyto webov\u00e9 str\u00e1nky ukl\u00e1daj\u00ed v&nbsp;souladu se z\u00e1kony na va\u0161e za\u0159\u00edzen\u00ed soubory, obecn\u011b naz\u00fdvan\u00e9 cookies.<\/p>\n\n\n\n<h4 class=\"wp-block-heading\">Co jsou cookies?<\/h4>\n\n\n\n<p>Cookies jsou mal\u00e9 datov\u00e9 soubory, d\u00edky kter\u00fdm si nav\u0161t\u00edven\u00e9 webov\u00e9 str\u00e1nky str\u00e1nky pamatuj\u00ed va\u0161e \u00fakony a&nbsp;nastaven\u00ed, kter\u00e9 jste na nich provedli, tak\u017ee tyto \u00fadaje nemus\u00edte zad\u00e1vat opakovan\u011b. Cookies nep\u0159edstavuj\u00ed nebezpe\u010d\u00ed, maj\u00ed v\u0161ak v\u00fdznam pro ochranu soukrom\u00ed. Cookies nelze pou\u017e\u00edt pro zji\u0161t\u011bn\u00ed toto\u017enosti n\u00e1v\u0161t\u011bvn\u00edk\u016f str\u00e1nek ani ke zneu\u017eit\u00ed p\u0159ihla\u0161ovac\u00edch \u00fadaj\u016f.<\/p>\n\n\n\n<h4 class=\"wp-block-heading\">Jak\u00e9 cookies pou\u017e\u00edv\u00e1me?<\/h4>\n\n\n\n<p>Pou\u017e\u00edv\u00e1me cookies nap\u0159\u00edklad pro zachov\u00e1n\u00ed p\u0159epnut\u00ed zobrazen\u00ed z&nbsp;mobiln\u00edch za\u0159\u00edzen\u00ed do PC&nbsp;verze webu, pro zachov\u00e1n\u00ed va\u0161ich preferenc\u00ed p\u0159i&nbsp;prohl\u00ed\u017een\u00ed t\u011bchto webov\u00fdch str\u00e1nek, informaci o&nbsp;zvolen\u00e9m jazyku nebo m\u011bn\u011b apod. Podrobn\u011bj\u0161\u00ed informace z\u00edsk\u00e1te na uveden\u00e9m kontaktu provozovatele webu.<\/p>\n\n\n\n<p>D\u00e1le pou\u017e\u00edv\u00e1me cookies t\u0159et\u00edch stran (nap\u0159.&nbsp;Google Analytics pro anal\u00fdzu n\u00e1v\u0161t\u011bvnosti). Tyto cookies mohou b\u00fdt vyu\u017eity pro reklamn\u00ed \u00fa\u010dely formou remarketingu na sp\u0159\u00e1telen\u00fdch webech t\u011bchto spole\u010dnost\u00ed apod. Tyto cookies jsou \u0159\u00edzeny t\u0159et\u00edmi stranami a&nbsp;nem\u00e1me p\u0159\u00edstup ke \u010dten\u00ed nebo z\u00e1pisu t\u011bchto dat.<\/p>\n\n\n\n<h4 class=\"wp-block-heading\">Souhlas s&nbsp;ukl\u00e1d\u00e1n\u00edm cookies<\/h4>\n\n\n\n<p>V\u011bt\u0161ina prohl\u00ed\u017ee\u010d\u016f cookies automaticky akceptuje, pokud nen\u00ed prohl\u00ed\u017ee\u010d nastaven jinak. Pou\u017e\u00edv\u00e1n\u00edm t\u011bchto webov\u00fdch str\u00e1nek souhlas\u00edte s&nbsp;ukl\u00e1d\u00e1n\u00edm soubor\u016f cookies. Pou\u017eit\u00ed cookies m\u016f\u017eete omezit nebo zablokovat v&nbsp;nastaven\u00ed sv\u00e9ho webov\u00e9ho prohl\u00ed\u017ee\u010de. Informace o&nbsp;nastaven\u00ed konkr\u00e9tn\u00edho prohl\u00ed\u017ee\u010de naleznete na uveden\u00fdch adres\u00e1ch:<\/p>\n\n\n\n<ul class=\"wp-block-list\"><li>Internet Explorer:&nbsp;<a href=\"https:\/\/windows.microsoft.com\/\" target=\"_blank\" rel=\"noreferrer noopener\">windows.microsoft.com<\/a><\/li><li>Google Chrome:&nbsp;<a href=\"https:\/\/support.google.com\/\" target=\"_blank\" rel=\"noreferrer noopener\">support.google.com<\/a><\/li><li>Mozilla Firefox:&nbsp;<a href=\"https:\/\/support.mozilla.org\/\" target=\"_blank\" rel=\"noreferrer noopener\">support.mozilla.org<\/a><\/li><li>Opera:&nbsp;<a href=\"https:\/\/help.opera.com\/\" target=\"_blank\" rel=\"noreferrer noopener\">help.opera.com<\/a><\/li><li>Safari:&nbsp;<a href=\"https:\/\/support.apple.com\/\" target=\"_blank\" rel=\"noreferrer noopener\">support.apple.com<\/a><\/li><\/ul>\n","protected":false},"excerpt":{"rendered":"<p>Prohl\u00e1\u0161en\u00ed o&nbsp;pou\u017eit\u00ed cookies Tyto webov\u00e9 str\u00e1nky ukl\u00e1daj\u00ed v&nbsp;souladu se z\u00e1kony na va\u0161e za\u0159\u00edzen\u00ed soubory, obecn\u011b naz\u00fdvan\u00e9 cookies. Co jsou cookies? Cookies jsou mal\u00e9 datov\u00e9 soubory, d\u00edky kter\u00fdm si nav\u0161t\u00edven\u00e9 webov\u00e9 str\u00e1nky str\u00e1nky pamatuj\u00ed va\u0161e \u00fakony a&nbsp;nastaven\u00ed, kter\u00e9 jste na nich<\/p>\n","protected":false},"author":1,"featured_media":0,"parent":0,"menu_order":0,"comment_status":"closed","ping_status":"closed","template":"","meta":{"_monsterinsights_skip_tracking":false,"_monsterinsights_sitenote_active":false,"_monsterinsights_sitenote_note":"","_monsterinsights_sitenote_category":0,"footnotes":""},"class_list":["post-697","page","type-page","status-publish","hentry"],"aioseo_notices":[],"jetpack_sharing_enabled":true,"_links":{"self":[{"href":"https:\/\/www.artrinaramky.cz\/index.php?rest_route=\/wp\/v2\/pages\/697","targetHints":{"allow":["GET"]}}],"collection":[{"href":"https:\/\/www.artrinaramky.cz\/index.php?rest_route=\/wp\/v2\/pages"}],"about":[{"href":"https:\/\/www.artrinaramky.cz\/index.php?rest_route=\/wp\/v2\/types\/page"}],"author":[{"embeddable":true,"href":"https:\/\/www.artrinaramky.cz\/index.php?rest_route=\/wp\/v2\/users\/1"}],"replies":[{"embeddable":true,"href":"https:\/\/www.artrinaramky.cz\/index.php?rest_route=%2Fwp%2Fv2%2Fcomments&post=697"}],"version-history":[{"count":1,"href":"https:\/\/www.artrinaramky.cz\/index.php?rest_route=\/wp\/v2\/pages\/697\/revisions"}],"predecessor-version":[{"id":698,"href":"https:\/\/www.artrinaramky.cz\/index.php?rest_route=\/wp\/v2\/pages\/697\/revisions\/698"}],"wp:attachment":[{"href":"https:\/\/www.artrinaramky.cz\/index.php?rest_route=%2Fwp%2Fv2%2Fmedia&parent=697"}],"curies":[{"name":"wp","href":"https:\/\/api.w.org\/{rel}","templated":true}]}}