{"id":675,"date":"2022-04-24T19:51:28","date_gmt":"2022-04-24T19:51:28","guid":{"rendered":"https:\/\/www.artrinaramky.cz\/?page_id=675"},"modified":"2022-05-11T06:41:21","modified_gmt":"2022-05-11T06:41:21","slug":"naramky","status":"publish","type":"page","link":"https:\/\/www.artrinaramky.cz\/?page_id=675","title":{"rendered":"N\u00e1ramky"},"content":{"rendered":"\n<p><em><strong>Smysl na\u0161eho projektu<\/strong>: na 4 prodan\u00e9 n\u00e1ramky vyrob\u00edme jeden n\u011bjak\u00e9 hol\u010di\u010dce \u010di&nbsp;klukovi s&nbsp;<strong>artritidou<\/strong>, a\u0165 maj\u00ed v&nbsp;t\u00e9 nemocnici radost i&nbsp;oni<\/em>.  <em>Konkr\u00e9tn\u011b putuj\u00ed na Revmatologick\u00e9 d\u011btsk\u00e9 odd\u011blen\u00ed pan\u00ed profesorky Dole\u017ealov\u00e9, VFN v&nbsp;Praze 2, Ke Karlovu 2.<\/em><\/p>\n\n\n\n<p><em>V\u011b\u0159\u00edte na l\u00e9\u010divou s\u00edlu miner\u00e1ln\u00edch kamen\u016f? Na jejich energii \u010di&nbsp;vliv na znamen\u00ed?<\/em> <br><em>My tak\u00e9. Ale nejv\u00edce v\u011b\u0159\u00edme, \u017ee ka\u017ed\u00fd kor\u00e1lek si k&nbsp;n\u00e1m najde cestu v\u017edy, kdy\u017e to pot\u0159ebujeme. V&nbsp;zim\u011b n\u00e1s zah\u0159eje l\u00e1va, na ja\u0159e rozkveteme barvami ach\u00e1tu, v&nbsp;nejistot\u011b n\u00e1s zklidn\u00ed r\u016f\u017een\u00edn a&nbsp;k&nbsp;v\u00e1noc\u016fm n\u00e1m nejv\u011bt\u0161\u00ed radost ud\u011bl\u00e1 \u010derven\u00fd jadeit s&nbsp;and\u00edlkem. Tak se nenechte svazovat a&nbsp;vyb\u00edrejte <strong>SRDCEM<\/strong>.<\/em><\/p>\n\n\n\n<p>N\u00e1ramky dod\u00e1v\u00e1me d\u00e1rkov\u011b zabalen\u00e9 na na\u0161\u00ed karti\u010dce a&nbsp;v&nbsp;s\u00e1\u010dku, m\u016f\u017eete si ale vybrat i&nbsp;jinou karti\u010dku.<\/p>\n\n\n\n<p><strong>Materi\u00e1l v\u0161eobecn\u011b:<br><\/strong>Nejv\u00edce pou\u017e\u00edv\u00e1me p\u0159\u00edrodn\u00ed miner\u00e1ly, kter\u00e9 se b\u011b\u017en\u011b je\u0161t\u011b dobarvuj\u00ed a&nbsp;upravuj\u00ed. P\u0159edem je vyt\u0159\u00edd\u00edme a&nbsp;p\u0159ebereme, navl\u00e9kneme na dvojitou elastickou lycru. Ob\u010das s\u00e1hneme i&nbsp;po&nbsp;syntetick\u00e9m miner\u00e1lu, kter\u00fd m\u00e1 tak\u00e9 sv\u00e9 v\u00fdhody. Z&nbsp;komponent\u016f vyb\u00edr\u00e1me hlavn\u011b chirurgickou ocel, p\u0159\u00edpadn\u011b kvalitn\u00ed bi\u017eutern\u00ed kov, \u0161atonov\u00e9 rondelky, kor\u00e1lky ze skla, ze d\u0159eva nebo i&nbsp;sklen\u011bn\u00e9 voskovan\u00e9 perly pro jejich kr\u00e1sn\u00fd lesk. \u0160\u0148\u016frky jsou z&nbsp;polyesteru, skv\u011ble dr\u017e\u00ed barvu a&nbsp;zataven\u00e9 se nerozmot\u00e1vaj\u00ed.<\/p>\n\n\n\n<p><strong>P\u00e9\u010de o&nbsp;n\u00e1ramky:<\/strong><br>N\u00e1ramky by nem\u011bly p\u0159ij\u00edt do styku s&nbsp;vodou \u010di&nbsp;myc\u00edmi prost\u0159edky, dlouhodob\u011b je nevystavujte slunci. Matn\u00e9 miner\u00e1ly se mohou \u010dasem vyhladit do leskla. Drobn\u00e9 nerovnosti \u010di&nbsp;barevn\u00e9 odli\u0161nosti pat\u0159\u00ed k&nbsp;jejich vlastnostem. Praskan\u00fd k\u0159i\u0161\u0165\u00e1l je k\u0159ehk\u00fd, m\u016f\u017ee p\u0159i&nbsp;ne\u0161etrn\u00e9m zach\u00e1zen\u00ed \u010di&nbsp;p\u00e1du prasknout. Ale pokud v\u00e1m n\u00e1\u0161 n\u00e1ramek p\u0159iroste k&nbsp;ruce i&nbsp;k&nbsp;srdci, tak p\u0159\u00edpadn\u00e9 opravy r\u00e1di ud\u011bl\u00e1me zdarma, jen za po\u0161tovn\u00e9.<\/p>\n\n\n\n<p><em><strong>Jakou zvolit velikost?<br><\/strong>XS (13\u201314 cm) d\u011btsk\u00e1 ru\u010dka<\/em><br><em>S (14\u201315 cm) na \u00fazk\u00e9 z\u00e1p\u011bst\u00ed \u010di&nbsp;ruku \u0161kola\u010dky<\/em><br><em>M (16\u201317 cm) takov\u00e1 norm\u00e1ln\u00ed d\u00e1msk\u00e1 ru\u010dka<\/em><br><em>L (18\u201319 cm) malinko \u0161ir\u0161\u00ed d\u00e1msk\u00e9 z\u00e1p\u011bst\u00ed \u010di&nbsp;b\u011b\u017en\u00e9 p\u00e1nsk\u00e9<\/em><br><em>XL (20\u201321 cm) po\u0159\u00e1dn\u00e1 tlapa<\/em><br><em>Univers\u00e1ln\u00ed (nastaviteln\u00e9 \u2013 utahovac\u00ed \u0161\u0148\u016frky)<\/em><\/p>\n\n\n\n<p><em><strong>Jak m\u011b\u0159it velikost?<\/strong><br>Nejl\u00e9pe krej\u010dovsk\u00fdm metrem nebo prov\u00e1zkem, kter\u00fd n\u00e1sledn\u011b p\u0159ilo\u017e\u00edte k&nbsp;prav\u00edtku. M\u011b\u0159te pros\u00edm napevno, jen obvod m\u00edsta, kde budete n\u00e1ramek asi nosit. V\u016fle tam v\u017edy bude, n\u00e1ramek je elastick\u00fd, ale pokud m\u00e1te r\u00e1di velmi voln\u00fd a\u017e plandav\u00fd n\u00e1ramek, zvolte v\u011bt\u0161\u00ed velikost, nebo se ozv\u011bte pro radu.<\/em><br><em>M\u00e1te p\u0159\u00e1n\u00ed na jinou velikost? P\u0159ipi\u0161te pros\u00edm do pozn\u00e1mky.<\/em><\/p>\n","protected":false},"excerpt":{"rendered":"<p>Smysl na\u0161eho projektu: na 4 prodan\u00e9 n\u00e1ramky vyrob\u00edme jeden n\u011bjak\u00e9 hol\u010di\u010dce \u010di&nbsp;klukovi s&nbsp;artritidou, a\u0165 maj\u00ed v&nbsp;t\u00e9 nemocnici radost i&nbsp;oni. Konkr\u00e9tn\u011b putuj\u00ed na Revmatologick\u00e9 d\u011btsk\u00e9 odd\u011blen\u00ed pan\u00ed profesorky Dole\u017ealov\u00e9, VFN v&nbsp;Praze 2, Ke Karlovu 2. V\u011b\u0159\u00edte na l\u00e9\u010divou s\u00edlu miner\u00e1ln\u00edch kamen\u016f?<\/p>\n","protected":false},"author":1,"featured_media":683,"parent":0,"menu_order":0,"comment_status":"closed","ping_status":"closed","template":"","meta":{"_monsterinsights_skip_tracking":false,"_monsterinsights_sitenote_active":false,"_monsterinsights_sitenote_note":"","_monsterinsights_sitenote_category":0,"footnotes":""},"class_list":["post-675","page","type-page","status-publish","has-post-thumbnail","hentry"],"aioseo_notices":[],"jetpack_sharing_enabled":true,"_links":{"self":[{"href":"https:\/\/www.artrinaramky.cz\/index.php?rest_route=\/wp\/v2\/pages\/675","targetHints":{"allow":["GET"]}}],"collection":[{"href":"https:\/\/www.artrinaramky.cz\/index.php?rest_route=\/wp\/v2\/pages"}],"about":[{"href":"https:\/\/www.artrinaramky.cz\/index.php?rest_route=\/wp\/v2\/types\/page"}],"author":[{"embeddable":true,"href":"https:\/\/www.artrinaramky.cz\/index.php?rest_route=\/wp\/v2\/users\/1"}],"replies":[{"embeddable":true,"href":"https:\/\/www.artrinaramky.cz\/index.php?rest_route=%2Fwp%2Fv2%2Fcomments&post=675"}],"version-history":[{"count":7,"href":"https:\/\/www.artrinaramky.cz\/index.php?rest_route=\/wp\/v2\/pages\/675\/revisions"}],"predecessor-version":[{"id":748,"href":"https:\/\/www.artrinaramky.cz\/index.php?rest_route=\/wp\/v2\/pages\/675\/revisions\/748"}],"wp:featuredmedia":[{"embeddable":true,"href":"https:\/\/www.artrinaramky.cz\/index.php?rest_route=\/wp\/v2\/media\/683"}],"wp:attachment":[{"href":"https:\/\/www.artrinaramky.cz\/index.php?rest_route=%2Fwp%2Fv2%2Fmedia&parent=675"}],"curies":[{"name":"wp","href":"https:\/\/api.w.org\/{rel}","templated":true}]}}