{"id":585,"date":"2022-04-24T13:06:28","date_gmt":"2022-04-24T13:06:28","guid":{"rendered":"https:\/\/www.artrinaramky.cz\/?page_id=585"},"modified":"2022-04-24T16:46:21","modified_gmt":"2022-04-24T16:46:21","slug":"honza","status":"publish","type":"page","link":"https:\/\/www.artrinaramky.cz\/?page_id=585","title":{"rendered":"Honza"},"content":{"rendered":"\n<div class=\"wp-block-media-text alignwide is-stacked-on-mobile\" style=\"grid-template-columns:30% auto\"><figure class=\"wp-block-media-text__media\"><img loading=\"lazy\" decoding=\"async\" width=\"1024\" height=\"1024\" src=\"http:\/\/www.artrinaramky.cz\/wp-content\/uploads\/2022\/04\/Honza-1024x1024.jpg\" alt=\"\" class=\"wp-image-635 size-full\" srcset=\"https:\/\/www.artrinaramky.cz\/wp-content\/uploads\/2022\/04\/Honza-1024x1024.jpg 1024w, https:\/\/www.artrinaramky.cz\/wp-content\/uploads\/2022\/04\/Honza-300x300.jpg 300w, https:\/\/www.artrinaramky.cz\/wp-content\/uploads\/2022\/04\/Honza-150x150.jpg 150w, https:\/\/www.artrinaramky.cz\/wp-content\/uploads\/2022\/04\/Honza-768x768.jpg 768w, https:\/\/www.artrinaramky.cz\/wp-content\/uploads\/2022\/04\/Honza-1536x1536.jpg 1536w, https:\/\/www.artrinaramky.cz\/wp-content\/uploads\/2022\/04\/Honza-2048x2048.jpg 2048w, https:\/\/www.artrinaramky.cz\/wp-content\/uploads\/2022\/04\/Honza-230x230.jpg 230w, https:\/\/www.artrinaramky.cz\/wp-content\/uploads\/2022\/04\/Honza-365x365.jpg 365w, https:\/\/www.artrinaramky.cz\/wp-content\/uploads\/2022\/04\/Honza-1320x1320.jpg 1320w, https:\/\/www.artrinaramky.cz\/wp-content\/uploads\/2022\/04\/Honza-600x600.jpg 600w, https:\/\/www.artrinaramky.cz\/wp-content\/uploads\/2022\/04\/Honza-100x100.jpg 100w\" sizes=\"auto, (max-width: 1024px) 100vw, 1024px\" \/><\/figure><div class=\"wp-block-media-text__content\">\n<p class=\"has-large-font-size\">Ahoj,<\/p>\n\n\n\n<p>jsem grafik a&nbsp;tv\u016frce v\u0161ech v\u011bc\u00ed kolem PC. Web, e-shop, tisk. A&nbsp;m\u00e1m nervy ze \u017eeleza.<\/p>\n<\/div><\/div>\n","protected":false},"excerpt":{"rendered":"<p>Ahoj, jsem grafik a&nbsp;tv\u016frce v\u0161ech v\u011bc\u00ed kolem PC. Web, e-shop, tisk. A&nbsp;m\u00e1m nervy ze \u017eeleza.<\/p>\n","protected":false},"author":1,"featured_media":635,"parent":0,"menu_order":0,"comment_status":"closed","ping_status":"closed","template":"","meta":{"_monsterinsights_skip_tracking":false,"_monsterinsights_sitenote_active":false,"_monsterinsights_sitenote_note":"","_monsterinsights_sitenote_category":0,"footnotes":""},"class_list":["post-585","page","type-page","status-publish","has-post-thumbnail","hentry"],"aioseo_notices":[],"jetpack_sharing_enabled":true,"_links":{"self":[{"href":"https:\/\/www.artrinaramky.cz\/index.php?rest_route=\/wp\/v2\/pages\/585","targetHints":{"allow":["GET"]}}],"collection":[{"href":"https:\/\/www.artrinaramky.cz\/index.php?rest_route=\/wp\/v2\/pages"}],"about":[{"href":"https:\/\/www.artrinaramky.cz\/index.php?rest_route=\/wp\/v2\/types\/page"}],"author":[{"embeddable":true,"href":"https:\/\/www.artrinaramky.cz\/index.php?rest_route=\/wp\/v2\/users\/1"}],"replies":[{"embeddable":true,"href":"https:\/\/www.artrinaramky.cz\/index.php?rest_route=%2Fwp%2Fv2%2Fcomments&post=585"}],"version-history":[{"count":4,"href":"https:\/\/www.artrinaramky.cz\/index.php?rest_route=\/wp\/v2\/pages\/585\/revisions"}],"predecessor-version":[{"id":639,"href":"https:\/\/www.artrinaramky.cz\/index.php?rest_route=\/wp\/v2\/pages\/585\/revisions\/639"}],"wp:featuredmedia":[{"embeddable":true,"href":"https:\/\/www.artrinaramky.cz\/index.php?rest_route=\/wp\/v2\/media\/635"}],"wp:attachment":[{"href":"https:\/\/www.artrinaramky.cz\/index.php?rest_route=%2Fwp%2Fv2%2Fmedia&parent=585"}],"curies":[{"name":"wp","href":"https:\/\/api.w.org\/{rel}","templated":true}]}}