{"id":154,"date":"2014-06-29T13:07:45","date_gmt":"2014-06-29T13:07:45","guid":{"rendered":"http:\/\/demo.themegrill.com\/accelerate\/?page_id=154"},"modified":"2023-12-13T09:58:09","modified_gmt":"2023-12-13T09:58:09","slug":"contact","status":"publish","type":"page","link":"https:\/\/www.artrinaramky.cz\/?page_id=154","title":{"rendered":"Kontakt"},"content":{"rendered":"\n<p><strong>Kontakt:<\/strong><\/p>\n\n\n\n<p>Ol\u00ed a&nbsp;Katka \u0160\u00edstkov\u00e1<br>250&nbsp;63  Nov\u00e1 Ves <\/p>\n\n\n\n<p>\u010c\u00edslo \u00fa\u010dtu: 300973074\/0300<\/p>\n\n\n\n<p>tel.: 777&nbsp;136&nbsp;452<br>e-mail: <a href=\"mailto:info@artrinaramky.cz\">info@artrinaramky.cz<\/a><br>facebook: <a rel=\"noreferrer noopener\" href=\"http:\/\/www.facebook.com\/artrinaramky\" data-type=\"URL\" data-id=\"www.facebook.com\/artrinaramky\" target=\"_blank\">www.facebook.com\/artrinaramky<\/a><br>instagram: <a href=\"https:\/\/www.instagram.com\/artrinaramky\/\" data-type=\"URL\" data-id=\"https:\/\/www.instagram.com\/artrinaramky\/\" target=\"_blank\" rel=\"noreferrer noopener\">instagram.com\/artrinaramky\/<\/a><br><\/p>\n","protected":false},"excerpt":{"rendered":"<p>Kontakt: Ol\u00ed a&nbsp;Katka \u0160\u00edstkov\u00e1250&nbsp;63 Nov\u00e1 Ves \u010c\u00edslo \u00fa\u010dtu: 300973074\/0300 tel.: 777&nbsp;136&nbsp;452e-mail: info@artrinaramky.czfacebook: www.facebook.com\/artrinaramkyinstagram: instagram.com\/artrinaramky\/<\/p>\n","protected":false},"author":1,"featured_media":0,"parent":0,"menu_order":0,"comment_status":"closed","ping_status":"closed","template":"","meta":{"_monsterinsights_skip_tracking":false,"_monsterinsights_sitenote_active":false,"_monsterinsights_sitenote_note":"","_monsterinsights_sitenote_category":0,"footnotes":""},"class_list":["post-154","page","type-page","status-publish","hentry"],"aioseo_notices":[],"jetpack_sharing_enabled":true,"_links":{"self":[{"href":"https:\/\/www.artrinaramky.cz\/index.php?rest_route=\/wp\/v2\/pages\/154","targetHints":{"allow":["GET"]}}],"collection":[{"href":"https:\/\/www.artrinaramky.cz\/index.php?rest_route=\/wp\/v2\/pages"}],"about":[{"href":"https:\/\/www.artrinaramky.cz\/index.php?rest_route=\/wp\/v2\/types\/page"}],"author":[{"embeddable":true,"href":"https:\/\/www.artrinaramky.cz\/index.php?rest_route=\/wp\/v2\/users\/1"}],"replies":[{"embeddable":true,"href":"https:\/\/www.artrinaramky.cz\/index.php?rest_route=%2Fwp%2Fv2%2Fcomments&post=154"}],"version-history":[{"count":12,"href":"https:\/\/www.artrinaramky.cz\/index.php?rest_route=\/wp\/v2\/pages\/154\/revisions"}],"predecessor-version":[{"id":1897,"href":"https:\/\/www.artrinaramky.cz\/index.php?rest_route=\/wp\/v2\/pages\/154\/revisions\/1897"}],"wp:attachment":[{"href":"https:\/\/www.artrinaramky.cz\/index.php?rest_route=%2Fwp%2Fv2%2Fmedia&parent=154"}],"curies":[{"name":"wp","href":"https:\/\/api.w.org\/{rel}","templated":true}]}}