{"id":1216,"date":"2022-05-19T07:14:41","date_gmt":"2022-05-19T07:14:41","guid":{"rendered":"https:\/\/www.artrinaramky.cz\/?page_id=1216"},"modified":"2022-12-06T07:45:17","modified_gmt":"2022-12-06T07:45:17","slug":"doprava","status":"publish","type":"page","link":"https:\/\/www.artrinaramky.cz\/?page_id=1216","title":{"rendered":"Doprava"},"content":{"rendered":"\n<h4 class=\"wp-block-heading\">Platba:<\/h4>\n\n\n\n<p>P\u0159evodem na \u010d\u00edslo \u00fa\u010dtu 300973074\/0300.<\/p>\n\n\n\n<p>Platebn\u00ed kartou (p\u0159ipravujeme).<\/p>\n\n\n\n<p>Hotov\u011b p\u0159i&nbsp;p\u0159evzet\u00ed.<\/p>\n\n\n\n<h4 class=\"wp-block-heading\">Doprava:<\/h4>\n\n\n\n<p>Z\u00e1silkovna \u2013 doru\u010den\u00ed\u00a0 na v\u00fddejn\u00ed m\u00edsta 79&nbsp;K\u010d (dob\u00edrka +17&nbsp;K\u010d).<\/p>\n\n\n\n<p>\u010cesk\u00e1 po\u0161ta \u2013 doporu\u010den\u00e9 psan\u00e9 ekonomick\u00e9 65&nbsp;K\u010d.<\/p>\n\n\n\n<p>Osobn\u00ed p\u0159evzet\u00ed \u2013 domluva.<\/p>\n\n\n\n<p>P\u0159i n\u00e1kupu nad 1200&nbsp;K\u010d po\u0161tovn\u00e9 zdarma.<\/p>\n\n\n\n<p>Baln\u00e9 si ne\u00fa\u010dtujeme.<\/p>\n\n\n\n<p>N\u00e1ramky odes\u00edl\u00e1me do 3 pracovn\u00edch dn\u016f od p\u0159ips\u00e1n\u00ed \u010d\u00e1stky na \u00fa\u010det.<\/p>\n\n\n\n<h4 class=\"wp-block-heading\">Vr\u00e1cen\u00ed&nbsp; a&nbsp;reklamace zbo\u017e\u00ed:<\/h4>\n\n\n\n<p>Zbo\u017e\u00ed m\u016f\u017eete vr\u00e1tit do 14 dn\u016f od doru\u010den\u00ed bez ud\u00e1n\u00ed d\u016fvodu. Sta\u010d\u00ed napsat e-mail a&nbsp;zbo\u017e\u00ed zaslat na na\u0161\u00ed adresu.<\/p>\n\n\n\n<p>Pen\u00edze v\u00e1m budou vr\u00e1ceny stejnou formou, jako \u00fahrada.<\/p>\n\n\n\n<p>V&nbsp;p\u0159\u00edpad\u011b reklamace se n\u00e1m, pros\u00edm, ozv\u011bte e-mailem nebo telefonicky \u2013 jist\u011b najdeme \u0159e\u0161en\u00ed.<\/p>\n","protected":false},"excerpt":{"rendered":"<p>Platba: P\u0159evodem na \u010d\u00edslo \u00fa\u010dtu 300973074\/0300. Platebn\u00ed kartou (p\u0159ipravujeme). Hotov\u011b p\u0159i&nbsp;p\u0159evzet\u00ed. Doprava: Z\u00e1silkovna \u2013 doru\u010den\u00ed\u00a0 na v\u00fddejn\u00ed m\u00edsta 79&nbsp;K\u010d (dob\u00edrka +17&nbsp;K\u010d). \u010cesk\u00e1 po\u0161ta \u2013 doporu\u010den\u00e9 psan\u00e9 ekonomick\u00e9 65&nbsp;K\u010d. Osobn\u00ed p\u0159evzet\u00ed \u2013 domluva. P\u0159i&nbsp;n\u00e1kupu nad 1200&nbsp;K\u010d po\u0161tovn\u00e9 zdarma. Baln\u00e9 si<\/p>\n","protected":false},"author":1,"featured_media":0,"parent":0,"menu_order":0,"comment_status":"closed","ping_status":"closed","template":"","meta":{"_monsterinsights_skip_tracking":false,"_monsterinsights_sitenote_active":false,"_monsterinsights_sitenote_note":"","_monsterinsights_sitenote_category":0,"footnotes":""},"class_list":["post-1216","page","type-page","status-publish","hentry"],"aioseo_notices":[],"jetpack_sharing_enabled":true,"_links":{"self":[{"href":"https:\/\/www.artrinaramky.cz\/index.php?rest_route=\/wp\/v2\/pages\/1216","targetHints":{"allow":["GET"]}}],"collection":[{"href":"https:\/\/www.artrinaramky.cz\/index.php?rest_route=\/wp\/v2\/pages"}],"about":[{"href":"https:\/\/www.artrinaramky.cz\/index.php?rest_route=\/wp\/v2\/types\/page"}],"author":[{"embeddable":true,"href":"https:\/\/www.artrinaramky.cz\/index.php?rest_route=\/wp\/v2\/users\/1"}],"replies":[{"embeddable":true,"href":"https:\/\/www.artrinaramky.cz\/index.php?rest_route=%2Fwp%2Fv2%2Fcomments&post=1216"}],"version-history":[{"count":4,"href":"https:\/\/www.artrinaramky.cz\/index.php?rest_route=\/wp\/v2\/pages\/1216\/revisions"}],"predecessor-version":[{"id":1765,"href":"https:\/\/www.artrinaramky.cz\/index.php?rest_route=\/wp\/v2\/pages\/1216\/revisions\/1765"}],"wp:attachment":[{"href":"https:\/\/www.artrinaramky.cz\/index.php?rest_route=%2Fwp%2Fv2%2Fmedia&parent=1216"}],"curies":[{"name":"wp","href":"https:\/\/api.w.org\/{rel}","templated":true}]}}